{"id":2103,"date":"2023-08-05T11:28:56","date_gmt":"2023-08-05T10:28:56","guid":{"rendered":"https:\/\/rmrvpools-solutions.pt\/?post_type=product&#038;p=2103"},"modified":"2024-10-03T22:00:34","modified_gmt":"2024-10-03T21:00:34","slug":"chuveiro-standard-lava-pes","status":"publish","type":"product","link":"https:\/\/rmrvpools-solutions.pt\/en\/escadas-chuveiros-duches\/chuveiro-standard-lava-pes\/","title":{"rendered":"Standard shower with footbath"},"content":{"rendered":"<h3>Standard Shower with Foot Washer<\/h3>\n<p>&nbsp;<\/p>\n<h4>Shower in bright polished stainless steel 18\/8 and AISI 304, with a regulator and footbath, includes fixing anchor.<\/h4>\n<p>&nbsp;<\/p>\n<h5>Having a stainless steel pool shower will bring you some benefits for your pool, such as hygiene and cleanliness, comfort, health, aesthetics and water conservation, convenience, safety and environment. This specific model also has the advantage of having a footbath for greater convenience of use.<\/h5>\n<p>&nbsp;<\/p>\n<p>&nbsp;<\/p>\n<h6>It belongs to a high quality range of Stainless Steel for swimming pools.<\/h6>\n<h6>is for use in private pools or condominiums. Composed<span style=\"font-size: 16px;\">\u00a0by an aluminum body with an outer tube in high-quality, shiny stainless steel.<\/span><\/h6>\n<h6>Very easy to use and install, and an essential addition to your pool and garden.<\/h6>\n<p><img loading=\"lazy\" decoding=\"async\" class=\"size-medium wp-image-2108 aligncenter\" src=\"https:\/\/rmrvpools-solutions.pt\/wp-content\/uploads\/2023\/08\/Chuveiro-Standard-com-Lava-Pes-Flexinox-300x300.jpg\" alt=\"Chuveiro Standard com Lava-P\u00e9s Flexinox\" width=\"300\" height=\"300\" srcset=\"https:\/\/rmrvpools-solutions.pt\/wp-content\/uploads\/2023\/08\/Chuveiro-Standard-com-Lava-Pes-Flexinox-300x300.jpg 300w, https:\/\/rmrvpools-solutions.pt\/wp-content\/uploads\/2023\/08\/Chuveiro-Standard-com-Lava-Pes-Flexinox-150x150.jpg 150w, https:\/\/rmrvpools-solutions.pt\/wp-content\/uploads\/2023\/08\/Chuveiro-Standard-com-Lava-Pes-Flexinox-12x12.jpg 12w, https:\/\/rmrvpools-solutions.pt\/wp-content\/uploads\/2023\/08\/Chuveiro-Standard-com-Lava-Pes-Flexinox-100x100.jpg 100w, https:\/\/rmrvpools-solutions.pt\/wp-content\/uploads\/2023\/08\/Chuveiro-Standard-com-Lava-Pes-Flexinox.jpg 600w\" sizes=\"auto, (max-width: 300px) 100vw, 300px\" \/><\/p>\n<p>&nbsp;<\/p>\n<h6><\/h6>\n<p>For more information or clarification on pool showers\/showers,\u00a0<a href=\"https:\/\/rmrvpools-solutions.pt\/en\/contactos-piscinas\/\">contact us<\/a>.<\/p>","protected":false},"excerpt":{"rendered":"<h2>Standard Shower with Foot Washer<\/h2>\n<p>&nbsp;<\/p>\n<p>For more information or clarification on pool showers\/showers,\u00a0<a href=\"https:\/\/rmrvpools-solutions.pt\/en\/contactos-piscinas\/\">contact us<\/a> so we can help in the best way possible.<\/p>","protected":false},"featured_media":2108,"template":"","meta":{"_eb_attr":"","_uag_custom_page_level_css":"","site-sidebar-layout":"default","site-content-layout":"default","ast-site-content-layout":"default","site-content-style":"default","site-sidebar-style":"default","ast-global-header-display":"","ast-banner-title-visibility":"","ast-main-header-display":"","ast-hfb-above-header-display":"","ast-hfb-below-header-display":"","ast-hfb-mobile-header-display":"","site-post-title":"","ast-breadcrumbs-content":"","ast-featured-img":"","footer-sml-layout":"","ast-disable-related-posts":"","theme-transparent-header-meta":"default","adv-header-id-meta":"","stick-header-meta":"default","header-above-stick-meta":"","header-main-stick-meta":"","header-below-stick-meta":"","astra-migrate-meta-layouts":"set","ast-page-background-enabled":"default","ast-page-background-meta":{"desktop":{"background-color":"","background-image":"","background-repeat":"repeat","background-position":"center center","background-size":"auto","background-attachment":"scroll","background-type":"","background-media":"","overlay-type":"","overlay-color":"","overlay-opacity":"","overlay-gradient":""},"tablet":{"background-color":"","background-image":"","background-repeat":"repeat","background-position":"center center","background-size":"auto","background-attachment":"scroll","background-type":"","background-media":"","overlay-type":"","overlay-color":"","overlay-opacity":"","overlay-gradient":""},"mobile":{"background-color":"","background-image":"","background-repeat":"repeat","background-position":"center center","background-size":"auto","background-attachment":"scroll","background-type":"","background-media":"","overlay-type":"","overlay-color":"","overlay-opacity":"","overlay-gradient":""}},"ast-content-background-meta":{"desktop":{"background-color":"var(--ast-global-color-5)","background-image":"","background-repeat":"repeat","background-position":"center center","background-size":"auto","background-attachment":"scroll","background-type":"","background-media":"","overlay-type":"","overlay-color":"","overlay-opacity":"","overlay-gradient":""},"tablet":{"background-color":"var(--ast-global-color-5)","background-image":"","background-repeat":"repeat","background-position":"center center","background-size":"auto","background-attachment":"scroll","background-type":"","background-media":"","overlay-type":"","overlay-color":"","overlay-opacity":"","overlay-gradient":""},"mobile":{"background-color":"var(--ast-global-color-5)","background-image":"","background-repeat":"repeat","background-position":"center center","background-size":"auto","background-attachment":"scroll","background-type":"","background-media":"","overlay-type":"","overlay-color":"","overlay-opacity":"","overlay-gradient":""}},"pgc_sgb_lightbox_settings":""},"product_brand":[],"product_cat":[28],"product_tag":[],"class_list":{"0":"post-2103","1":"product","2":"type-product","3":"status-publish","4":"has-post-thumbnail","6":"product_cat-escadas-chuveiros-duches","7":"desktop-align-left","8":"tablet-align-left","9":"mobile-align-left","10":"ast-product-gallery-layout-horizontal-slider","11":"ast-magnify-disabled","12":"ast-product-tabs-layout-horizontal","14":"first","15":"instock","16":"taxable","17":"shipping-taxable","18":"purchasable","19":"product-type-simple"},"uagb_featured_image_src":{"full":["https:\/\/rmrvpools-solutions.pt\/wp-content\/uploads\/2023\/08\/Chuveiro-Standard-com-Lava-Pes-Flexinox.jpg",600,600,false],"thumbnail":["https:\/\/rmrvpools-solutions.pt\/wp-content\/uploads\/2023\/08\/Chuveiro-Standard-com-Lava-Pes-Flexinox-150x150.jpg",150,150,true],"medium":["https:\/\/rmrvpools-solutions.pt\/wp-content\/uploads\/2023\/08\/Chuveiro-Standard-com-Lava-Pes-Flexinox-300x300.jpg",300,300,true],"medium_large":["https:\/\/rmrvpools-solutions.pt\/wp-content\/uploads\/2023\/08\/Chuveiro-Standard-com-Lava-Pes-Flexinox.jpg",600,600,false],"large":["https:\/\/rmrvpools-solutions.pt\/wp-content\/uploads\/2023\/08\/Chuveiro-Standard-com-Lava-Pes-Flexinox.jpg",600,600,false],"1536x1536":["https:\/\/rmrvpools-solutions.pt\/wp-content\/uploads\/2023\/08\/Chuveiro-Standard-com-Lava-Pes-Flexinox.jpg",600,600,false],"2048x2048":["https:\/\/rmrvpools-solutions.pt\/wp-content\/uploads\/2023\/08\/Chuveiro-Standard-com-Lava-Pes-Flexinox.jpg",600,600,false],"trp-custom-language-flag":["https:\/\/rmrvpools-solutions.pt\/wp-content\/uploads\/2023\/08\/Chuveiro-Standard-com-Lava-Pes-Flexinox-12x12.jpg",12,12,true],"woocommerce_thumbnail":["https:\/\/rmrvpools-solutions.pt\/wp-content\/uploads\/2023\/08\/Chuveiro-Standard-com-Lava-Pes-Flexinox-300x300.jpg",300,300,true],"woocommerce_single":["https:\/\/rmrvpools-solutions.pt\/wp-content\/uploads\/2023\/08\/Chuveiro-Standard-com-Lava-Pes-Flexinox.jpg",600,600,false],"woocommerce_gallery_thumbnail":["https:\/\/rmrvpools-solutions.pt\/wp-content\/uploads\/2023\/08\/Chuveiro-Standard-com-Lava-Pes-Flexinox-100x100.jpg",100,100,true]},"uagb_author_info":{"display_name":"lmsm76","author_link":"https:\/\/rmrvpools-solutions.pt\/en\/author\/"},"uagb_comment_info":0,"uagb_excerpt":"Chuveiro Standard com Lava-P\u00e9s &nbsp; Para mais informa\u00e7\u00f5es ou esclarecimentos sobre chuveiros \/ duches para piscinas,\u00a0contacte-nos para podermos ajudar da melhor forma.","_links":{"self":[{"href":"https:\/\/rmrvpools-solutions.pt\/en\/wp-json\/wp\/v2\/product\/2103","targetHints":{"allow":["GET"]}}],"collection":[{"href":"https:\/\/rmrvpools-solutions.pt\/en\/wp-json\/wp\/v2\/product"}],"about":[{"href":"https:\/\/rmrvpools-solutions.pt\/en\/wp-json\/wp\/v2\/types\/product"}],"wp:featuredmedia":[{"embeddable":true,"href":"https:\/\/rmrvpools-solutions.pt\/en\/wp-json\/wp\/v2\/media\/2108"}],"wp:attachment":[{"href":"https:\/\/rmrvpools-solutions.pt\/en\/wp-json\/wp\/v2\/media?parent=2103"}],"wp:term":[{"taxonomy":"product_brand","embeddable":true,"href":"https:\/\/rmrvpools-solutions.pt\/en\/wp-json\/wp\/v2\/product_brand?post=2103"},{"taxonomy":"product_cat","embeddable":true,"href":"https:\/\/rmrvpools-solutions.pt\/en\/wp-json\/wp\/v2\/product_cat?post=2103"},{"taxonomy":"product_tag","embeddable":true,"href":"https:\/\/rmrvpools-solutions.pt\/en\/wp-json\/wp\/v2\/product_tag?post=2103"}],"curies":[{"name":"wp","href":"https:\/\/api.w.org\/{rel}","templated":true}]}}