{"id":2255,"date":"2023-12-05T09:04:32","date_gmt":"2023-12-05T09:04:32","guid":{"rendered":"https:\/\/rmrvpools-solutions.pt\/?post_type=product&#038;p=2255"},"modified":"2025-01-01T00:00:34","modified_gmt":"2025-01-01T00:00:34","slug":"tela-matrix-silver","status":"publish","type":"product","link":"https:\/\/rmrvpools-solutions.pt\/en\/tela-armada\/tela-matrix-silver\/","title":{"rendered":"Matrix Silver Screen"},"content":{"rendered":"<h2>Matrix Silver Screen<\/h2>\n<p>&nbsp;<\/p>\n<p>The Matrix Silver reinforced screen features impressive designs to give the appearance of real mosaics while providing waterproofing in the pool tank.<\/p>\n<p>The Matrix 3D range has a pearlescent, silvery layer that produces a dynamic prismatic effect similar to the shine of real enameled mosaics.<\/p>\n<p>The screen surfaces and the grout in its grooves are protected with an enhanced acrylic coating that provides superior stain resistance and makes cleaning easier.<\/p>\n<p><strong>Roll with 1.65x 25 ml (41.25m2\/roll)<\/strong><\/p>\n<p>With a 12-year factory warranty (If used in accordance with the manufacturer&#039;s standards and conditions).<\/p>\n<p>*It is advisable not to use rolls from different batches\/series in the same installation.<\/p>\n<div class=\"ast-oembed-container\" style=\"height: 100%;\"><iframe loading=\"lazy\" title=\"Matrix Silver | Reinforced PVC Lines | Matrix collection | Haogenplast\" width=\"500\" height=\"281\" src=\"https:\/\/www.youtube.com\/embed\/7qbqyJF7CWA?feature=oembed\" frameborder=\"0\" allow=\"accelerometer; autoplay; clipboard-write; encrypted-media; gyroscope; picture-in-picture; web-share\" referrerpolicy=\"strict-origin-when-cross-origin\" allowfullscreen><\/iframe><\/div>\n<p><a href=\"https:\/\/rmrvpools-solutions.pt\/en\/contactos-piscinas\/\">Consult us<\/a> for more information about the Matrix Silver display or learn more about <a href=\"https:\/\/rmrvpools-solutions.pt\/en\/revestimento-piscinas\/\">pool coverings.<\/a><\/p>","protected":false},"excerpt":{"rendered":"<p>Tela Matrix Silver &nbsp; A tela armada Matrix Silver conta com impressionantes designs para dar uma apar\u00eancia de mosaicos reais ao mesmo tempo que proporcionam impermeabilidade no tanque da piscina. A gama Matrix 3D tem uma camada perolada e prateada que produz um efeito prism\u00e1tico din\u00e2mico semelhante ao brilho dos verdadeiros mosaicos esmaltados. As superf\u00edcies [&hellip;]<\/p>\n","protected":false},"featured_media":2267,"template":"","meta":{"_eb_attr":"","_uag_custom_page_level_css":"","site-sidebar-layout":"default","site-content-layout":"","ast-site-content-layout":"default","site-content-style":"default","site-sidebar-style":"default","ast-global-header-display":"","ast-banner-title-visibility":"","ast-main-header-display":"","ast-hfb-above-header-display":"","ast-hfb-below-header-display":"","ast-hfb-mobile-header-display":"","site-post-title":"","ast-breadcrumbs-content":"","ast-featured-img":"","footer-sml-layout":"","ast-disable-related-posts":"","theme-transparent-header-meta":"default","adv-header-id-meta":"","stick-header-meta":"default","header-above-stick-meta":"","header-main-stick-meta":"","header-below-stick-meta":"","astra-migrate-meta-layouts":"set","ast-page-background-enabled":"default","ast-page-background-meta":{"desktop":{"background-color":"","background-image":"","background-repeat":"repeat","background-position":"center center","background-size":"auto","background-attachment":"scroll","background-type":"","background-media":"","overlay-type":"","overlay-color":"","overlay-opacity":"","overlay-gradient":""},"tablet":{"background-color":"","background-image":"","background-repeat":"repeat","background-position":"center center","background-size":"auto","background-attachment":"scroll","background-type":"","background-media":"","overlay-type":"","overlay-color":"","overlay-opacity":"","overlay-gradient":""},"mobile":{"background-color":"","background-image":"","background-repeat":"repeat","background-position":"center center","background-size":"auto","background-attachment":"scroll","background-type":"","background-media":"","overlay-type":"","overlay-color":"","overlay-opacity":"","overlay-gradient":""}},"ast-content-background-meta":{"desktop":{"background-color":"var(--ast-global-color-5)","background-image":"","background-repeat":"repeat","background-position":"center center","background-size":"auto","background-attachment":"scroll","background-type":"","background-media":"","overlay-type":"","overlay-color":"","overlay-opacity":"","overlay-gradient":""},"tablet":{"background-color":"var(--ast-global-color-5)","background-image":"","background-repeat":"repeat","background-position":"center center","background-size":"auto","background-attachment":"scroll","background-type":"","background-media":"","overlay-type":"","overlay-color":"","overlay-opacity":"","overlay-gradient":""},"mobile":{"background-color":"var(--ast-global-color-5)","background-image":"","background-repeat":"repeat","background-position":"center center","background-size":"auto","background-attachment":"scroll","background-type":"","background-media":"","overlay-type":"","overlay-color":"","overlay-opacity":"","overlay-gradient":""}},"pgc_sgb_lightbox_settings":""},"product_brand":[],"product_cat":[30],"product_tag":[],"class_list":{"0":"post-2255","1":"product","2":"type-product","3":"status-publish","4":"has-post-thumbnail","6":"product_cat-tela-armada","7":"desktop-align-left","8":"tablet-align-left","9":"mobile-align-left","10":"ast-product-gallery-layout-horizontal-slider","11":"ast-magnify-disabled","12":"ast-product-tabs-layout-horizontal","14":"first","15":"instock","16":"taxable","17":"shipping-taxable","18":"purchasable","19":"product-type-simple"},"uagb_featured_image_src":{"full":["https:\/\/rmrvpools-solutions.pt\/wp-content\/uploads\/2023\/12\/Matrix-Silver_compressed.jpg",939,681,false],"thumbnail":["https:\/\/rmrvpools-solutions.pt\/wp-content\/uploads\/2023\/12\/Matrix-Silver_compressed-150x150.jpg",150,150,true],"medium":["https:\/\/rmrvpools-solutions.pt\/wp-content\/uploads\/2023\/12\/Matrix-Silver_compressed-300x218.jpg",300,218,true],"medium_large":["https:\/\/rmrvpools-solutions.pt\/wp-content\/uploads\/2023\/12\/Matrix-Silver_compressed-768x557.jpg",768,557,true],"large":["https:\/\/rmrvpools-solutions.pt\/wp-content\/uploads\/2023\/12\/Matrix-Silver_compressed.jpg",939,681,false],"1536x1536":["https:\/\/rmrvpools-solutions.pt\/wp-content\/uploads\/2023\/12\/Matrix-Silver_compressed.jpg",939,681,false],"2048x2048":["https:\/\/rmrvpools-solutions.pt\/wp-content\/uploads\/2023\/12\/Matrix-Silver_compressed.jpg",939,681,false],"trp-custom-language-flag":["https:\/\/rmrvpools-solutions.pt\/wp-content\/uploads\/2023\/12\/Matrix-Silver_compressed-18x12.jpg",18,12,true],"woocommerce_thumbnail":["https:\/\/rmrvpools-solutions.pt\/wp-content\/uploads\/2023\/12\/Matrix-Silver_compressed-300x300.jpg",300,300,true],"woocommerce_single":["https:\/\/rmrvpools-solutions.pt\/wp-content\/uploads\/2023\/12\/Matrix-Silver_compressed-600x435.jpg",600,435,true],"woocommerce_gallery_thumbnail":["https:\/\/rmrvpools-solutions.pt\/wp-content\/uploads\/2023\/12\/Matrix-Silver_compressed-100x100.jpg",100,100,true]},"uagb_author_info":{"display_name":"Rui Viana","author_link":"https:\/\/rmrvpools-solutions.pt\/en\/author\/"},"uagb_comment_info":0,"uagb_excerpt":"Tela Matrix Silver &nbsp; A tela armada Matrix Silver conta com impressionantes designs para dar uma apar\u00eancia de mosaicos reais ao mesmo tempo que proporcionam impermeabilidade no tanque da piscina. A gama Matrix 3D tem uma camada perolada e prateada que produz um efeito prism\u00e1tico din\u00e2mico semelhante ao brilho dos verdadeiros mosaicos esmaltados. As superf\u00edcies&hellip;","_links":{"self":[{"href":"https:\/\/rmrvpools-solutions.pt\/en\/wp-json\/wp\/v2\/product\/2255","targetHints":{"allow":["GET"]}}],"collection":[{"href":"https:\/\/rmrvpools-solutions.pt\/en\/wp-json\/wp\/v2\/product"}],"about":[{"href":"https:\/\/rmrvpools-solutions.pt\/en\/wp-json\/wp\/v2\/types\/product"}],"wp:featuredmedia":[{"embeddable":true,"href":"https:\/\/rmrvpools-solutions.pt\/en\/wp-json\/wp\/v2\/media\/2267"}],"wp:attachment":[{"href":"https:\/\/rmrvpools-solutions.pt\/en\/wp-json\/wp\/v2\/media?parent=2255"}],"wp:term":[{"taxonomy":"product_brand","embeddable":true,"href":"https:\/\/rmrvpools-solutions.pt\/en\/wp-json\/wp\/v2\/product_brand?post=2255"},{"taxonomy":"product_cat","embeddable":true,"href":"https:\/\/rmrvpools-solutions.pt\/en\/wp-json\/wp\/v2\/product_cat?post=2255"},{"taxonomy":"product_tag","embeddable":true,"href":"https:\/\/rmrvpools-solutions.pt\/en\/wp-json\/wp\/v2\/product_tag?post=2255"}],"curies":[{"name":"wp","href":"https:\/\/api.w.org\/{rel}","templated":true}]}}