{"id":2297,"date":"2023-12-08T11:30:25","date_gmt":"2023-12-08T11:30:25","guid":{"rendered":"https:\/\/rmrvpools-solutions.pt\/?post_type=product&#038;p=2297"},"modified":"2025-06-30T19:58:06","modified_gmt":"2025-06-30T18:58:06","slug":"tela-stoneflex-sand-calcario","status":"publish","type":"product","link":"https:\/\/rmrvpools-solutions.pt\/en\/tela-armada\/tela-stoneflex-sand-calcario\/","title":{"rendered":"StoneFlex Sand\/Limestone Screen"},"content":{"rendered":"<h2>StoneFlex Sand\/Limestone Screen<\/h2>\n<p>&nbsp;<\/p>\n<p>Our range of StoneFlex designs allows you to build or renovate a pool using a reinforced waterproof PVC membrane, with a 3D surface that looks like real stone.<\/p>\n<p>StoneFlex membranes are formulated with a coating that provides exceptional resistance to UV rays, as well as a dry stone feel and non-slip grip.<\/p>\n<p>StoneFlex membranes are covered with 6 layers of protective acrylic coating and have a B slip resistance rating.<\/p>\n<p><strong>Roll with 1.65x 25 ml (41.25m2\/roll)<\/strong><\/p>\n<p>With a 15-year factory warranty (If used in accordance with the manufacturer&#039;s standards and conditions).<\/p>\n<p>*It is advisable not to use rolls from different batches\/series in the same installation.<\/p>\n<div class=\"ast-oembed-container\" style=\"height: 100%;\"><iframe loading=\"lazy\" title=\"StoneFlex Sand | Premium 3D Designs\" width=\"500\" height=\"281\" src=\"https:\/\/www.youtube.com\/embed\/jk-X6LgmDAg?feature=oembed\" frameborder=\"0\" allow=\"accelerometer; autoplay; clipboard-write; encrypted-media; gyroscope; picture-in-picture; web-share\" referrerpolicy=\"strict-origin-when-cross-origin\" allowfullscreen><\/iframe><\/div>\n<h2><strong>Some of our installations on the StoneFlex Ivory Screen<\/strong><\/h2>\n<p>&nbsp;<\/p>\n<p><a href=\"https:\/\/rmrvpools-solutions.pt\/en\/contactos-piscinas\/\">Consult us<\/a> for more information about StoneFlex Sand\/Limestone mesh or learn more about <a href=\"https:\/\/rmrvpools-solutions.pt\/en\/revestimento-piscinas\/\">pool coverings.<\/a><\/p>","protected":false},"excerpt":{"rendered":"<p>Tela StoneFlex Sand\/Calc\u00e1rio &nbsp; A nossa gama de designs StoneFlex permite construir ou renovar uma piscina utilizando\u00a0 uma membrana de pvc refor\u00e7ado imperme\u00e1vel, com uma superf\u00edcie 3D que parece pedra real. As membranas StoneFlex s\u00e3o formuladas com um revestimento de excecional resist\u00eancia aos raios UV, bem como a uma sensa\u00e7\u00e3o de pedra seca e ader\u00eancia [&hellip;]<\/p>\n","protected":false},"featured_media":2299,"template":"","meta":{"_eb_attr":"","_uag_custom_page_level_css":"","site-sidebar-layout":"default","site-content-layout":"","ast-site-content-layout":"default","site-content-style":"default","site-sidebar-style":"default","ast-global-header-display":"","ast-banner-title-visibility":"","ast-main-header-display":"","ast-hfb-above-header-display":"","ast-hfb-below-header-display":"","ast-hfb-mobile-header-display":"","site-post-title":"","ast-breadcrumbs-content":"","ast-featured-img":"","footer-sml-layout":"","ast-disable-related-posts":"","theme-transparent-header-meta":"default","adv-header-id-meta":"","stick-header-meta":"default","header-above-stick-meta":"","header-main-stick-meta":"","header-below-stick-meta":"","astra-migrate-meta-layouts":"set","ast-page-background-enabled":"default","ast-page-background-meta":{"desktop":{"background-color":"","background-image":"","background-repeat":"repeat","background-position":"center center","background-size":"auto","background-attachment":"scroll","background-type":"","background-media":"","overlay-type":"","overlay-color":"","overlay-opacity":"","overlay-gradient":""},"tablet":{"background-color":"","background-image":"","background-repeat":"repeat","background-position":"center center","background-size":"auto","background-attachment":"scroll","background-type":"","background-media":"","overlay-type":"","overlay-color":"","overlay-opacity":"","overlay-gradient":""},"mobile":{"background-color":"","background-image":"","background-repeat":"repeat","background-position":"center center","background-size":"auto","background-attachment":"scroll","background-type":"","background-media":"","overlay-type":"","overlay-color":"","overlay-opacity":"","overlay-gradient":""}},"ast-content-background-meta":{"desktop":{"background-color":"var(--ast-global-color-5)","background-image":"","background-repeat":"repeat","background-position":"center center","background-size":"auto","background-attachment":"scroll","background-type":"","background-media":"","overlay-type":"","overlay-color":"","overlay-opacity":"","overlay-gradient":""},"tablet":{"background-color":"var(--ast-global-color-5)","background-image":"","background-repeat":"repeat","background-position":"center center","background-size":"auto","background-attachment":"scroll","background-type":"","background-media":"","overlay-type":"","overlay-color":"","overlay-opacity":"","overlay-gradient":""},"mobile":{"background-color":"var(--ast-global-color-5)","background-image":"","background-repeat":"repeat","background-position":"center center","background-size":"auto","background-attachment":"scroll","background-type":"","background-media":"","overlay-type":"","overlay-color":"","overlay-opacity":"","overlay-gradient":""}},"pgc_sgb_lightbox_settings":""},"product_brand":[],"product_cat":[30],"product_tag":[],"class_list":{"0":"post-2297","1":"product","2":"type-product","3":"status-publish","4":"has-post-thumbnail","6":"product_cat-tela-armada","7":"desktop-align-left","8":"tablet-align-left","9":"mobile-align-left","10":"ast-product-gallery-layout-horizontal-slider","11":"ast-magnify-disabled","12":"ast-product-tabs-layout-horizontal","14":"first","15":"instock","16":"taxable","17":"shipping-taxable","18":"purchasable","19":"product-type-simple"},"uagb_featured_image_src":{"full":["https:\/\/rmrvpools-solutions.pt\/wp-content\/uploads\/2023\/12\/StoneFlex-Sand-6_compressed.jpg",971,695,false],"thumbnail":["https:\/\/rmrvpools-solutions.pt\/wp-content\/uploads\/2023\/12\/StoneFlex-Sand-6_compressed-150x150.jpg",150,150,true],"medium":["https:\/\/rmrvpools-solutions.pt\/wp-content\/uploads\/2023\/12\/StoneFlex-Sand-6_compressed-300x215.jpg",300,215,true],"medium_large":["https:\/\/rmrvpools-solutions.pt\/wp-content\/uploads\/2023\/12\/StoneFlex-Sand-6_compressed-768x550.jpg",768,550,true],"large":["https:\/\/rmrvpools-solutions.pt\/wp-content\/uploads\/2023\/12\/StoneFlex-Sand-6_compressed.jpg",971,695,false],"1536x1536":["https:\/\/rmrvpools-solutions.pt\/wp-content\/uploads\/2023\/12\/StoneFlex-Sand-6_compressed.jpg",971,695,false],"2048x2048":["https:\/\/rmrvpools-solutions.pt\/wp-content\/uploads\/2023\/12\/StoneFlex-Sand-6_compressed.jpg",971,695,false],"trp-custom-language-flag":["https:\/\/rmrvpools-solutions.pt\/wp-content\/uploads\/2023\/12\/StoneFlex-Sand-6_compressed-18x12.jpg",18,12,true],"woocommerce_thumbnail":["https:\/\/rmrvpools-solutions.pt\/wp-content\/uploads\/2023\/12\/StoneFlex-Sand-6_compressed-300x300.jpg",300,300,true],"woocommerce_single":["https:\/\/rmrvpools-solutions.pt\/wp-content\/uploads\/2023\/12\/StoneFlex-Sand-6_compressed-600x429.jpg",600,429,true],"woocommerce_gallery_thumbnail":["https:\/\/rmrvpools-solutions.pt\/wp-content\/uploads\/2023\/12\/StoneFlex-Sand-6_compressed-100x100.jpg",100,100,true]},"uagb_author_info":{"display_name":"Rui Viana","author_link":"https:\/\/rmrvpools-solutions.pt\/en\/author\/"},"uagb_comment_info":2,"uagb_excerpt":"Tela StoneFlex Sand\/Calc\u00e1rio &nbsp; A nossa gama de designs StoneFlex permite construir ou renovar uma piscina utilizando\u00a0 uma membrana de pvc refor\u00e7ado imperme\u00e1vel, com uma superf\u00edcie 3D que parece pedra real. As membranas StoneFlex s\u00e3o formuladas com um revestimento de excecional resist\u00eancia aos raios UV, bem como a uma sensa\u00e7\u00e3o de pedra seca e ader\u00eancia&hellip;","_links":{"self":[{"href":"https:\/\/rmrvpools-solutions.pt\/en\/wp-json\/wp\/v2\/product\/2297","targetHints":{"allow":["GET"]}}],"collection":[{"href":"https:\/\/rmrvpools-solutions.pt\/en\/wp-json\/wp\/v2\/product"}],"about":[{"href":"https:\/\/rmrvpools-solutions.pt\/en\/wp-json\/wp\/v2\/types\/product"}],"wp:featuredmedia":[{"embeddable":true,"href":"https:\/\/rmrvpools-solutions.pt\/en\/wp-json\/wp\/v2\/media\/2299"}],"wp:attachment":[{"href":"https:\/\/rmrvpools-solutions.pt\/en\/wp-json\/wp\/v2\/media?parent=2297"}],"wp:term":[{"taxonomy":"product_brand","embeddable":true,"href":"https:\/\/rmrvpools-solutions.pt\/en\/wp-json\/wp\/v2\/product_brand?post=2297"},{"taxonomy":"product_cat","embeddable":true,"href":"https:\/\/rmrvpools-solutions.pt\/en\/wp-json\/wp\/v2\/product_cat?post=2297"},{"taxonomy":"product_tag","embeddable":true,"href":"https:\/\/rmrvpools-solutions.pt\/en\/wp-json\/wp\/v2\/product_tag?post=2297"}],"curies":[{"name":"wp","href":"https:\/\/api.w.org\/{rel}","templated":true}]}}