{"id":2427,"date":"2024-01-03T15:15:23","date_gmt":"2024-01-03T15:15:23","guid":{"rendered":"https:\/\/rmrvpools-solutions.pt\/?post_type=product&#038;p=2427"},"modified":"2025-01-01T00:00:34","modified_gmt":"2025-01-01T00:00:34","slug":"tela-lisa-cinza-claro","status":"publish","type":"product","link":"https:\/\/rmrvpools-solutions.pt\/en\/tela-armada\/tela-lisa-cinza-claro\/","title":{"rendered":"Plain Light Gray Screen"},"content":{"rendered":"<h2>Plain Light Gray Screen<\/h2>\n<p>&nbsp;<\/p>\n<p>Armed screen <strong>PROFLEX Smooth Classic Range<\/strong>,<\/p>\n<p>It is a high quality and durable coating, designed and produced by the company <strong>HAOGENPLAST<\/strong> world leader in the development, design and production of swimming pool coverings.<\/p>\n<p>The reinforced screen is made up of 4 layers of lamination. PVC 750 ml, UV resistance, color fading resistance, chlorine resistance, and abrasion resistance.<\/p>\n<h4>Until then <strong>PROFLEX Classic Range Plain Light Gray<\/strong><\/h4>\n<p>It meets the most demanding quality and guarantee criteria on the world market, and also achieves an exceptional price-quality ratio.<\/p>\n<p>With a 10-year factory warranty, (If used in accordance with the manufacturer&#039;s standards and conditions).<\/p>\n<p>*It is advisable not to use rolls from different batches\/series in the same installation<\/p>\n<h5><strong>Classic Plain Light Gray Canvas<\/strong><\/h5>\n<p><strong>\u00a0Roll with 1.65x 25 ml (41.25m2\/roll)<\/strong><\/p>\n<h5><strong>Classic Smooth Light Gray Non-Slip Fabric<\/strong><\/h5>\n<p><strong>\u00a0Roll with 1.65x 5 ml (8.25m2\/roll)<\/strong><\/p>\n<p>&nbsp;<\/p>\n<div class=\"ast-oembed-container\" style=\"height: 100%;\"><iframe loading=\"lazy\" title=\"Light Gray 9135\" width=\"500\" height=\"281\" src=\"https:\/\/www.youtube.com\/embed\/6dw6UpPcUAE?feature=oembed\" frameborder=\"0\" allow=\"accelerometer; autoplay; clipboard-write; encrypted-media; gyroscope; picture-in-picture; web-share\" referrerpolicy=\"strict-origin-when-cross-origin\" allowfullscreen><\/iframe><\/div>\n<figure id=\"attachment_2437\" aria-describedby=\"caption-attachment-2437\" style=\"width: 300px\" class=\"wp-caption alignnone\"><img loading=\"lazy\" decoding=\"async\" class=\"size-medium wp-image-2437\" src=\"https:\/\/rmrvpools-solutions.pt\/wp-content\/uploads\/2024\/01\/20170613_160242-300x169.jpg\" alt=\"Tela armada Cinza Claro\" width=\"300\" height=\"169\" srcset=\"https:\/\/rmrvpools-solutions.pt\/wp-content\/uploads\/2024\/01\/20170613_160242-300x169.jpg 300w, https:\/\/rmrvpools-solutions.pt\/wp-content\/uploads\/2024\/01\/20170613_160242-1024x576.jpg 1024w, https:\/\/rmrvpools-solutions.pt\/wp-content\/uploads\/2024\/01\/20170613_160242-768x432.jpg 768w, https:\/\/rmrvpools-solutions.pt\/wp-content\/uploads\/2024\/01\/20170613_160242-18x10.jpg 18w, https:\/\/rmrvpools-solutions.pt\/wp-content\/uploads\/2024\/01\/20170613_160242-600x338.jpg 600w, https:\/\/rmrvpools-solutions.pt\/wp-content\/uploads\/2024\/01\/20170613_160242.jpg 1306w\" sizes=\"auto, (max-width: 300px) 100vw, 300px\" \/><figcaption id=\"caption-attachment-2437\" class=\"wp-caption-text\">Light Gray reinforced screen from Proflex, Haogenplast.<\/figcaption><\/figure>\n<figure id=\"attachment_2442\" aria-describedby=\"caption-attachment-2442\" style=\"width: 300px\" class=\"wp-caption alignnone\"><img loading=\"lazy\" decoding=\"async\" class=\"size-medium wp-image-2442\" src=\"https:\/\/rmrvpools-solutions.pt\/wp-content\/uploads\/2024\/01\/20170612_182823-300x169.jpg\" alt=\"Tela armada Cinza Claro\" width=\"300\" height=\"169\" srcset=\"https:\/\/rmrvpools-solutions.pt\/wp-content\/uploads\/2024\/01\/20170612_182823-300x169.jpg 300w, https:\/\/rmrvpools-solutions.pt\/wp-content\/uploads\/2024\/01\/20170612_182823-1024x576.jpg 1024w, https:\/\/rmrvpools-solutions.pt\/wp-content\/uploads\/2024\/01\/20170612_182823-768x432.jpg 768w, https:\/\/rmrvpools-solutions.pt\/wp-content\/uploads\/2024\/01\/20170612_182823-18x10.jpg 18w, https:\/\/rmrvpools-solutions.pt\/wp-content\/uploads\/2024\/01\/20170612_182823-600x338.jpg 600w, https:\/\/rmrvpools-solutions.pt\/wp-content\/uploads\/2024\/01\/20170612_182823.jpg 1306w\" sizes=\"auto, (max-width: 300px) 100vw, 300px\" \/><figcaption id=\"caption-attachment-2442\" class=\"wp-caption-text\">Light Gray reinforced screen from Proflex, Haogenplast.<\/figcaption><\/figure>\n<p>Fam\u00f5es Work<\/p>\n<p><a href=\"https:\/\/rmrvpools-solutions.pt\/en\/contactos-piscinas\/\">Consult us<\/a> for more information about the Proflex screen or learn more about <a href=\"https:\/\/rmrvpools-solutions.pt\/en\/revestimento-piscinas\/\">pool coverings.<\/a><\/p>","protected":false},"excerpt":{"rendered":"<p>Until then <strong>PROFLEX Smooth Classic Range<\/strong> satisfies the most demanding quality and guarantee criteria on the world market, I also try to achieve an exceptional price-quality ratio.<\/p>","protected":false},"featured_media":2440,"template":"","meta":{"_eb_attr":"","_uag_custom_page_level_css":"","site-sidebar-layout":"default","site-content-layout":"","ast-site-content-layout":"default","site-content-style":"default","site-sidebar-style":"default","ast-global-header-display":"","ast-banner-title-visibility":"","ast-main-header-display":"","ast-hfb-above-header-display":"","ast-hfb-below-header-display":"","ast-hfb-mobile-header-display":"","site-post-title":"","ast-breadcrumbs-content":"","ast-featured-img":"","footer-sml-layout":"","ast-disable-related-posts":"","theme-transparent-header-meta":"default","adv-header-id-meta":"","stick-header-meta":"default","header-above-stick-meta":"","header-main-stick-meta":"","header-below-stick-meta":"","astra-migrate-meta-layouts":"set","ast-page-background-enabled":"default","ast-page-background-meta":{"desktop":{"background-color":"","background-image":"","background-repeat":"repeat","background-position":"center center","background-size":"auto","background-attachment":"scroll","background-type":"","background-media":"","overlay-type":"","overlay-color":"","overlay-opacity":"","overlay-gradient":""},"tablet":{"background-color":"","background-image":"","background-repeat":"repeat","background-position":"center center","background-size":"auto","background-attachment":"scroll","background-type":"","background-media":"","overlay-type":"","overlay-color":"","overlay-opacity":"","overlay-gradient":""},"mobile":{"background-color":"","background-image":"","background-repeat":"repeat","background-position":"center center","background-size":"auto","background-attachment":"scroll","background-type":"","background-media":"","overlay-type":"","overlay-color":"","overlay-opacity":"","overlay-gradient":""}},"ast-content-background-meta":{"desktop":{"background-color":"var(--ast-global-color-5)","background-image":"","background-repeat":"repeat","background-position":"center center","background-size":"auto","background-attachment":"scroll","background-type":"","background-media":"","overlay-type":"","overlay-color":"","overlay-opacity":"","overlay-gradient":""},"tablet":{"background-color":"var(--ast-global-color-5)","background-image":"","background-repeat":"repeat","background-position":"center center","background-size":"auto","background-attachment":"scroll","background-type":"","background-media":"","overlay-type":"","overlay-color":"","overlay-opacity":"","overlay-gradient":""},"mobile":{"background-color":"var(--ast-global-color-5)","background-image":"","background-repeat":"repeat","background-position":"center center","background-size":"auto","background-attachment":"scroll","background-type":"","background-media":"","overlay-type":"","overlay-color":"","overlay-opacity":"","overlay-gradient":""}},"pgc_sgb_lightbox_settings":""},"product_brand":[],"product_cat":[30],"product_tag":[],"class_list":{"0":"post-2427","1":"product","2":"type-product","3":"status-publish","4":"has-post-thumbnail","6":"product_cat-tela-armada","7":"desktop-align-left","8":"tablet-align-left","9":"mobile-align-left","10":"ast-product-gallery-layout-horizontal-slider","11":"ast-magnify-disabled","12":"ast-product-tabs-layout-horizontal","14":"first","15":"instock","16":"taxable","17":"shipping-taxable","18":"purchasable","19":"product-type-simple"},"uagb_featured_image_src":{"full":["https:\/\/rmrvpools-solutions.pt\/wp-content\/uploads\/2024\/01\/Screenshot_20240104_181306.jpg",1079,690,false],"thumbnail":["https:\/\/rmrvpools-solutions.pt\/wp-content\/uploads\/2024\/01\/Screenshot_20240104_181306-150x150.jpg",150,150,true],"medium":["https:\/\/rmrvpools-solutions.pt\/wp-content\/uploads\/2024\/01\/Screenshot_20240104_181306-300x192.jpg",300,192,true],"medium_large":["https:\/\/rmrvpools-solutions.pt\/wp-content\/uploads\/2024\/01\/Screenshot_20240104_181306-768x491.jpg",768,491,true],"large":["https:\/\/rmrvpools-solutions.pt\/wp-content\/uploads\/2024\/01\/Screenshot_20240104_181306-1024x655.jpg",1024,655,true],"1536x1536":["https:\/\/rmrvpools-solutions.pt\/wp-content\/uploads\/2024\/01\/Screenshot_20240104_181306.jpg",1079,690,false],"2048x2048":["https:\/\/rmrvpools-solutions.pt\/wp-content\/uploads\/2024\/01\/Screenshot_20240104_181306.jpg",1079,690,false],"trp-custom-language-flag":["https:\/\/rmrvpools-solutions.pt\/wp-content\/uploads\/2024\/01\/Screenshot_20240104_181306-18x12.jpg",18,12,true],"woocommerce_thumbnail":["https:\/\/rmrvpools-solutions.pt\/wp-content\/uploads\/2024\/01\/Screenshot_20240104_181306-300x300.jpg",300,300,true],"woocommerce_single":["https:\/\/rmrvpools-solutions.pt\/wp-content\/uploads\/2024\/01\/Screenshot_20240104_181306-600x384.jpg",600,384,true],"woocommerce_gallery_thumbnail":["https:\/\/rmrvpools-solutions.pt\/wp-content\/uploads\/2024\/01\/Screenshot_20240104_181306-100x100.jpg",100,100,true]},"uagb_author_info":{"display_name":"Rui Viana","author_link":"https:\/\/rmrvpools-solutions.pt\/en\/author\/"},"uagb_comment_info":0,"uagb_excerpt":"A tela PROFLEX Gama Cl\u00e1ssica Lisa satisfaz os mais exigentes crit\u00e9rios de qualidade e garantia do mercado mundial, tento tamb\u00e9m uma excecional rela\u00e7\u00e3o pre\u00e7o-qualidade.","_links":{"self":[{"href":"https:\/\/rmrvpools-solutions.pt\/en\/wp-json\/wp\/v2\/product\/2427","targetHints":{"allow":["GET"]}}],"collection":[{"href":"https:\/\/rmrvpools-solutions.pt\/en\/wp-json\/wp\/v2\/product"}],"about":[{"href":"https:\/\/rmrvpools-solutions.pt\/en\/wp-json\/wp\/v2\/types\/product"}],"wp:featuredmedia":[{"embeddable":true,"href":"https:\/\/rmrvpools-solutions.pt\/en\/wp-json\/wp\/v2\/media\/2440"}],"wp:attachment":[{"href":"https:\/\/rmrvpools-solutions.pt\/en\/wp-json\/wp\/v2\/media?parent=2427"}],"wp:term":[{"taxonomy":"product_brand","embeddable":true,"href":"https:\/\/rmrvpools-solutions.pt\/en\/wp-json\/wp\/v2\/product_brand?post=2427"},{"taxonomy":"product_cat","embeddable":true,"href":"https:\/\/rmrvpools-solutions.pt\/en\/wp-json\/wp\/v2\/product_cat?post=2427"},{"taxonomy":"product_tag","embeddable":true,"href":"https:\/\/rmrvpools-solutions.pt\/en\/wp-json\/wp\/v2\/product_tag?post=2427"}],"curies":[{"name":"wp","href":"https:\/\/api.w.org\/{rel}","templated":true}]}}