{"id":2469,"date":"2024-01-28T13:58:47","date_gmt":"2024-01-28T13:58:47","guid":{"rendered":"https:\/\/rmrvpools-solutions.pt\/?post_type=product&#038;p=2469"},"modified":"2025-01-01T00:00:34","modified_gmt":"2025-01-01T00:00:34","slug":"aspirador-manual-super-pro","status":"publish","type":"product","link":"https:\/\/rmrvpools-solutions.pt\/en\/material-limpeza\/aspirador-manual-super-pro\/","title":{"rendered":"Super Pro Manual Vacuum Cleaner"},"content":{"rendered":"<h2>Super Pro Manual Vacuum Cleaner<\/h2>\n<p>&nbsp;<\/p>\n<p>The Super Pro range of cleaning material is dedicated to true swimming pool professionals.<\/p>\n<p>It is a range of high quality equipment.<\/p>\n<p>&nbsp;<\/p>\n<p>SUPER PRO MANUAL VACUUM CLEANER.<\/p>\n<p>\u2013 Swivel handle with heavy metal and steel weights to maximize handling.<\/p>\n<p>-Flexible strips across the entire width to guide waste into the suction chamber.<\/p>\n<p>-Non-slip ball bearing with stainless steel hardware.<\/p>\n<p>-For use with 38 or 50mm suction hoses (includes garden hose swivel adapter).<\/p>\n<p>-55 cm wide.<\/p>\n<p>&nbsp;<\/p>\n<figure id=\"attachment_2462\" aria-describedby=\"caption-attachment-2462\" style=\"width: 272px\" class=\"wp-caption alignnone\"><img loading=\"lazy\" decoding=\"async\" class=\"size-full wp-image-2462\" src=\"https:\/\/rmrvpools-solutions.pt\/wp-content\/uploads\/2024\/01\/Super-PRO-LOGO.png\" alt=\"Super Pro\" width=\"272\" height=\"184\" srcset=\"https:\/\/rmrvpools-solutions.pt\/wp-content\/uploads\/2024\/01\/Super-PRO-LOGO.png 272w, https:\/\/rmrvpools-solutions.pt\/wp-content\/uploads\/2024\/01\/Super-PRO-LOGO-18x12.png 18w\" sizes=\"auto, (max-width: 272px) 100vw, 272px\" \/><figcaption id=\"caption-attachment-2462\" class=\"wp-caption-text\">Super Pro equipment for swimming pool maintenance.<\/figcaption><\/figure>","protected":false},"excerpt":{"rendered":"<p>Aspirador Manual Super Pro &nbsp; A gama de material de limpeza da Super Pro, esta dedicada aos verdadeiros profissionais de Piscinas. \u00c9 uma gama de equipamentos de elevada qualidade. &nbsp; ASPIRADOR MANUAL SUPER PRO. &#8211; Cabo girat\u00f3rio com pesos de metal e a\u00e7o pesado para maximizar o manuseio. -Tiras flex\u00edveis em toda a largura para [&hellip;]<\/p>\n","protected":false},"featured_media":2470,"template":"","meta":{"_eb_attr":"","_uag_custom_page_level_css":"","site-sidebar-layout":"default","site-content-layout":"","ast-site-content-layout":"default","site-content-style":"default","site-sidebar-style":"default","ast-global-header-display":"","ast-banner-title-visibility":"","ast-main-header-display":"","ast-hfb-above-header-display":"","ast-hfb-below-header-display":"","ast-hfb-mobile-header-display":"","site-post-title":"","ast-breadcrumbs-content":"","ast-featured-img":"","footer-sml-layout":"","ast-disable-related-posts":"","theme-transparent-header-meta":"default","adv-header-id-meta":"","stick-header-meta":"default","header-above-stick-meta":"","header-main-stick-meta":"","header-below-stick-meta":"","astra-migrate-meta-layouts":"set","ast-page-background-enabled":"default","ast-page-background-meta":{"desktop":{"background-color":"","background-image":"","background-repeat":"repeat","background-position":"center center","background-size":"auto","background-attachment":"scroll","background-type":"","background-media":"","overlay-type":"","overlay-color":"","overlay-opacity":"","overlay-gradient":""},"tablet":{"background-color":"","background-image":"","background-repeat":"repeat","background-position":"center center","background-size":"auto","background-attachment":"scroll","background-type":"","background-media":"","overlay-type":"","overlay-color":"","overlay-opacity":"","overlay-gradient":""},"mobile":{"background-color":"","background-image":"","background-repeat":"repeat","background-position":"center center","background-size":"auto","background-attachment":"scroll","background-type":"","background-media":"","overlay-type":"","overlay-color":"","overlay-opacity":"","overlay-gradient":""}},"ast-content-background-meta":{"desktop":{"background-color":"var(--ast-global-color-5)","background-image":"","background-repeat":"repeat","background-position":"center center","background-size":"auto","background-attachment":"scroll","background-type":"","background-media":"","overlay-type":"","overlay-color":"","overlay-opacity":"","overlay-gradient":""},"tablet":{"background-color":"var(--ast-global-color-5)","background-image":"","background-repeat":"repeat","background-position":"center center","background-size":"auto","background-attachment":"scroll","background-type":"","background-media":"","overlay-type":"","overlay-color":"","overlay-opacity":"","overlay-gradient":""},"mobile":{"background-color":"var(--ast-global-color-5)","background-image":"","background-repeat":"repeat","background-position":"center center","background-size":"auto","background-attachment":"scroll","background-type":"","background-media":"","overlay-type":"","overlay-color":"","overlay-opacity":"","overlay-gradient":""}},"pgc_sgb_lightbox_settings":""},"product_brand":[],"product_cat":[31],"product_tag":[],"class_list":{"0":"post-2469","1":"product","2":"type-product","3":"status-publish","4":"has-post-thumbnail","6":"product_cat-material-limpeza","7":"desktop-align-left","8":"tablet-align-left","9":"mobile-align-left","10":"ast-product-gallery-layout-horizontal-slider","11":"ast-product-gallery-with-no-image","12":"ast-magnify-disabled","13":"ast-product-tabs-layout-horizontal","15":"first","16":"instock","17":"taxable","18":"shipping-taxable","19":"purchasable","20":"product-type-simple"},"uagb_featured_image_src":{"full":["https:\/\/rmrvpools-solutions.pt\/wp-content\/uploads\/2024\/01\/Aspirador-Manual-Super-Pro.png",255,209,false],"thumbnail":["https:\/\/rmrvpools-solutions.pt\/wp-content\/uploads\/2024\/01\/Aspirador-Manual-Super-Pro-150x150.png",150,150,true],"medium":["https:\/\/rmrvpools-solutions.pt\/wp-content\/uploads\/2024\/01\/Aspirador-Manual-Super-Pro.png",255,209,false],"medium_large":["https:\/\/rmrvpools-solutions.pt\/wp-content\/uploads\/2024\/01\/Aspirador-Manual-Super-Pro.png",255,209,false],"large":["https:\/\/rmrvpools-solutions.pt\/wp-content\/uploads\/2024\/01\/Aspirador-Manual-Super-Pro.png",255,209,false],"1536x1536":["https:\/\/rmrvpools-solutions.pt\/wp-content\/uploads\/2024\/01\/Aspirador-Manual-Super-Pro.png",255,209,false],"2048x2048":["https:\/\/rmrvpools-solutions.pt\/wp-content\/uploads\/2024\/01\/Aspirador-Manual-Super-Pro.png",255,209,false],"trp-custom-language-flag":["https:\/\/rmrvpools-solutions.pt\/wp-content\/uploads\/2024\/01\/Aspirador-Manual-Super-Pro-15x12.png",15,12,true],"woocommerce_thumbnail":["https:\/\/rmrvpools-solutions.pt\/wp-content\/uploads\/2024\/01\/Aspirador-Manual-Super-Pro.png",255,209,false],"woocommerce_single":["https:\/\/rmrvpools-solutions.pt\/wp-content\/uploads\/2024\/01\/Aspirador-Manual-Super-Pro.png",255,209,false],"woocommerce_gallery_thumbnail":["https:\/\/rmrvpools-solutions.pt\/wp-content\/uploads\/2024\/01\/Aspirador-Manual-Super-Pro-100x100.png",100,100,true]},"uagb_author_info":{"display_name":"Rui Viana","author_link":"https:\/\/rmrvpools-solutions.pt\/en\/author\/"},"uagb_comment_info":0,"uagb_excerpt":"Aspirador Manual Super Pro &nbsp; A gama de material de limpeza da Super Pro, esta dedicada aos verdadeiros profissionais de Piscinas. \u00c9 uma gama de equipamentos de elevada qualidade. &nbsp; ASPIRADOR MANUAL SUPER PRO. &#8211; Cabo girat\u00f3rio com pesos de metal e a\u00e7o pesado para maximizar o manuseio. -Tiras flex\u00edveis em toda a largura para&hellip;","_links":{"self":[{"href":"https:\/\/rmrvpools-solutions.pt\/en\/wp-json\/wp\/v2\/product\/2469","targetHints":{"allow":["GET"]}}],"collection":[{"href":"https:\/\/rmrvpools-solutions.pt\/en\/wp-json\/wp\/v2\/product"}],"about":[{"href":"https:\/\/rmrvpools-solutions.pt\/en\/wp-json\/wp\/v2\/types\/product"}],"wp:featuredmedia":[{"embeddable":true,"href":"https:\/\/rmrvpools-solutions.pt\/en\/wp-json\/wp\/v2\/media\/2470"}],"wp:attachment":[{"href":"https:\/\/rmrvpools-solutions.pt\/en\/wp-json\/wp\/v2\/media?parent=2469"}],"wp:term":[{"taxonomy":"product_brand","embeddable":true,"href":"https:\/\/rmrvpools-solutions.pt\/en\/wp-json\/wp\/v2\/product_brand?post=2469"},{"taxonomy":"product_cat","embeddable":true,"href":"https:\/\/rmrvpools-solutions.pt\/en\/wp-json\/wp\/v2\/product_cat?post=2469"},{"taxonomy":"product_tag","embeddable":true,"href":"https:\/\/rmrvpools-solutions.pt\/en\/wp-json\/wp\/v2\/product_tag?post=2469"}],"curies":[{"name":"wp","href":"https:\/\/api.w.org\/{rel}","templated":true}]}}