{"id":2528,"date":"2024-03-12T16:10:48","date_gmt":"2024-03-12T16:10:48","guid":{"rendered":"https:\/\/rmrvpools-solutions.pt\/?post_type=product&#038;p=2528"},"modified":"2026-01-04T15:55:07","modified_gmt":"2026-01-04T15:55:07","slug":"mangueira-poolstyle","status":"publish","type":"product","link":"https:\/\/rmrvpools-solutions.pt\/en\/material-limpeza\/mangueira-poolstyle\/","title":{"rendered":"Poolstyle Hose"},"content":{"rendered":"<h2>Poolstyle Hose<\/h2>\n<p>&nbsp;<\/p>\n<p>Floating hose for vacuuming the pool.<\/p>\n<ul>\n<li>It comes with a fixed terminal and a pivoting one.<\/li>\n<li>Blue color.<\/li>\n<li>Dark blue terminals.<\/li>\n<\/ul>\n<p>Order your Poolstyle hose now and clean your pool more easily.<\/p>","protected":false},"excerpt":{"rendered":"<h4>Poolstyle Hose<\/h4>\n<p>&nbsp;<\/p>\n<p>&nbsp;<\/p>\n<h6>Place your order of chemical products for your pool now\u2026<\/h6>\n<p>&nbsp;<\/p>","protected":false},"featured_media":2529,"template":"","meta":{"_eb_attr":"","_uag_custom_page_level_css":"","site-sidebar-layout":"default","site-content-layout":"","ast-site-content-layout":"default","site-content-style":"default","site-sidebar-style":"default","ast-global-header-display":"","ast-banner-title-visibility":"","ast-main-header-display":"","ast-hfb-above-header-display":"","ast-hfb-below-header-display":"","ast-hfb-mobile-header-display":"","site-post-title":"","ast-breadcrumbs-content":"","ast-featured-img":"","footer-sml-layout":"","ast-disable-related-posts":"","theme-transparent-header-meta":"default","adv-header-id-meta":"","stick-header-meta":"default","header-above-stick-meta":"","header-main-stick-meta":"","header-below-stick-meta":"","astra-migrate-meta-layouts":"set","ast-page-background-enabled":"default","ast-page-background-meta":{"desktop":{"background-color":"","background-image":"","background-repeat":"repeat","background-position":"center center","background-size":"auto","background-attachment":"scroll","background-type":"","background-media":"","overlay-type":"","overlay-color":"","overlay-opacity":"","overlay-gradient":""},"tablet":{"background-color":"","background-image":"","background-repeat":"repeat","background-position":"center center","background-size":"auto","background-attachment":"scroll","background-type":"","background-media":"","overlay-type":"","overlay-color":"","overlay-opacity":"","overlay-gradient":""},"mobile":{"background-color":"","background-image":"","background-repeat":"repeat","background-position":"center center","background-size":"auto","background-attachment":"scroll","background-type":"","background-media":"","overlay-type":"","overlay-color":"","overlay-opacity":"","overlay-gradient":""}},"ast-content-background-meta":{"desktop":{"background-color":"var(--ast-global-color-5)","background-image":"","background-repeat":"repeat","background-position":"center center","background-size":"auto","background-attachment":"scroll","background-type":"","background-media":"","overlay-type":"","overlay-color":"","overlay-opacity":"","overlay-gradient":""},"tablet":{"background-color":"var(--ast-global-color-5)","background-image":"","background-repeat":"repeat","background-position":"center center","background-size":"auto","background-attachment":"scroll","background-type":"","background-media":"","overlay-type":"","overlay-color":"","overlay-opacity":"","overlay-gradient":""},"mobile":{"background-color":"var(--ast-global-color-5)","background-image":"","background-repeat":"repeat","background-position":"center center","background-size":"auto","background-attachment":"scroll","background-type":"","background-media":"","overlay-type":"","overlay-color":"","overlay-opacity":"","overlay-gradient":""}},"pgc_sgb_lightbox_settings":""},"product_brand":[],"product_cat":[31],"product_tag":[],"class_list":{"0":"post-2528","1":"product","2":"type-product","3":"status-publish","4":"has-post-thumbnail","6":"product_cat-material-limpeza","7":"desktop-align-left","8":"tablet-align-left","9":"mobile-align-left","10":"ast-product-gallery-layout-horizontal-slider","11":"ast-magnify-disabled","12":"ast-product-single-variable","13":"ast-product-tabs-layout-horizontal","15":"first","16":"instock","17":"taxable","18":"shipping-taxable","19":"purchasable","20":"product-type-variable","21":"has-default-attributes"},"uagb_featured_image_src":{"full":["https:\/\/rmrvpools-solutions.pt\/wp-content\/uploads\/2024\/03\/Mangueira-Poolstyle.png",309,295,false],"thumbnail":["https:\/\/rmrvpools-solutions.pt\/wp-content\/uploads\/2024\/03\/Mangueira-Poolstyle-150x150.png",150,150,true],"medium":["https:\/\/rmrvpools-solutions.pt\/wp-content\/uploads\/2024\/03\/Mangueira-Poolstyle-300x286.png",300,286,true],"medium_large":["https:\/\/rmrvpools-solutions.pt\/wp-content\/uploads\/2024\/03\/Mangueira-Poolstyle.png",309,295,false],"large":["https:\/\/rmrvpools-solutions.pt\/wp-content\/uploads\/2024\/03\/Mangueira-Poolstyle.png",309,295,false],"1536x1536":["https:\/\/rmrvpools-solutions.pt\/wp-content\/uploads\/2024\/03\/Mangueira-Poolstyle.png",309,295,false],"2048x2048":["https:\/\/rmrvpools-solutions.pt\/wp-content\/uploads\/2024\/03\/Mangueira-Poolstyle.png",309,295,false],"trp-custom-language-flag":["https:\/\/rmrvpools-solutions.pt\/wp-content\/uploads\/2024\/03\/Mangueira-Poolstyle-13x12.png",13,12,true],"woocommerce_thumbnail":["https:\/\/rmrvpools-solutions.pt\/wp-content\/uploads\/2024\/03\/Mangueira-Poolstyle-300x295.png",300,295,true],"woocommerce_single":["https:\/\/rmrvpools-solutions.pt\/wp-content\/uploads\/2024\/03\/Mangueira-Poolstyle.png",309,295,false],"woocommerce_gallery_thumbnail":["https:\/\/rmrvpools-solutions.pt\/wp-content\/uploads\/2024\/03\/Mangueira-Poolstyle-100x100.png",100,100,true]},"uagb_author_info":{"display_name":"Rui Viana","author_link":"https:\/\/rmrvpools-solutions.pt\/en\/author\/"},"uagb_comment_info":0,"uagb_excerpt":"Mangueira Poolstyle &nbsp; &nbsp; Fa\u00e7a j\u00e1 a sua encomenda de produtos qu\u00edmicos para a sua piscina\u2026 &nbsp;","_links":{"self":[{"href":"https:\/\/rmrvpools-solutions.pt\/en\/wp-json\/wp\/v2\/product\/2528","targetHints":{"allow":["GET"]}}],"collection":[{"href":"https:\/\/rmrvpools-solutions.pt\/en\/wp-json\/wp\/v2\/product"}],"about":[{"href":"https:\/\/rmrvpools-solutions.pt\/en\/wp-json\/wp\/v2\/types\/product"}],"wp:featuredmedia":[{"embeddable":true,"href":"https:\/\/rmrvpools-solutions.pt\/en\/wp-json\/wp\/v2\/media\/2529"}],"wp:attachment":[{"href":"https:\/\/rmrvpools-solutions.pt\/en\/wp-json\/wp\/v2\/media?parent=2528"}],"wp:term":[{"taxonomy":"product_brand","embeddable":true,"href":"https:\/\/rmrvpools-solutions.pt\/en\/wp-json\/wp\/v2\/product_brand?post=2528"},{"taxonomy":"product_cat","embeddable":true,"href":"https:\/\/rmrvpools-solutions.pt\/en\/wp-json\/wp\/v2\/product_cat?post=2528"},{"taxonomy":"product_tag","embeddable":true,"href":"https:\/\/rmrvpools-solutions.pt\/en\/wp-json\/wp\/v2\/product_tag?post=2528"}],"curies":[{"name":"wp","href":"https:\/\/api.w.org\/{rel}","templated":true}]}}