{"id":2557,"date":"2024-03-12T19:12:06","date_gmt":"2024-03-12T19:12:06","guid":{"rendered":"https:\/\/rmrvpools-solutions.pt\/?post_type=product&#038;p=2557"},"modified":"2024-10-03T22:00:31","modified_gmt":"2024-10-03T21:00:31","slug":"acti-ph-minus","status":"publish","type":"product","link":"https:\/\/rmrvpools-solutions.pt\/en\/produtos-quimicos-e-analisadores\/acti-ph-minus\/","title":{"rendered":"Acti pH Minus"},"content":{"rendered":"<h2>Acti pH Minus<\/h2>\n<p>&nbsp;<\/p>\n<h6>-Reduces Pool pH.<\/h6>\n<h6>-Concentrated product.<\/h6>\n<h6>-Quick dissolution, manual use.<\/h6>\n<p>&nbsp;<\/p>\n<h3>Instructions for use<\/h3>\n<p>&nbsp;<\/p>\n<h6>Private pools<\/h6>\n<p>Pour directly into the pool in front of the return outlets, with the filtration system in operation.<\/p>\n<p>Carry out the dosage in the MANDATORY absence of swimmers.<\/p>\n<h6>Collective swimming pools<\/h6>\n<p>In the conditioning tank of the dosing pump, dissolve 20 kg of\u00a0<strong>ACTI PH MINUS<\/strong>\u00a0in 100 liters of water.<\/p>\n<p>&nbsp;<\/p>\n<h3>Dosage<\/h3>\n<p>Expect around 150 g of\u00a0<strong>ACTI PH MINUS<\/strong>\u00a0for every 10 m3 of water to reduce the pH by 0.2 units. The indicated dosage was calculated for water whose characteristics are standard. For very different pH or TAC values, doses can be doubled or even tripled.<\/p>\n<h5>Packaging<\/h5>\n<p>In 1kg, 5kg and 25 kg drums.<\/p>\n<p>&nbsp;<\/p>\n<h6>Place your order of chemical products for your pool now\u2026<\/h6>","protected":false},"excerpt":{"rendered":"<h2>Acti pH Minus<\/h2>\n<p>&nbsp;<\/p>\n<p>&nbsp;<\/p>\n<h6>Place your order of chemical products for your pool now\u2026<\/h6>","protected":false},"featured_media":2560,"template":"","meta":{"_eb_attr":"","_uag_custom_page_level_css":"","site-sidebar-layout":"default","site-content-layout":"","ast-site-content-layout":"default","site-content-style":"default","site-sidebar-style":"default","ast-global-header-display":"","ast-banner-title-visibility":"","ast-main-header-display":"","ast-hfb-above-header-display":"","ast-hfb-below-header-display":"","ast-hfb-mobile-header-display":"","site-post-title":"","ast-breadcrumbs-content":"","ast-featured-img":"","footer-sml-layout":"","ast-disable-related-posts":"","theme-transparent-header-meta":"default","adv-header-id-meta":"","stick-header-meta":"default","header-above-stick-meta":"","header-main-stick-meta":"","header-below-stick-meta":"","astra-migrate-meta-layouts":"set","ast-page-background-enabled":"default","ast-page-background-meta":{"desktop":{"background-color":"","background-image":"","background-repeat":"repeat","background-position":"center center","background-size":"auto","background-attachment":"scroll","background-type":"","background-media":"","overlay-type":"","overlay-color":"","overlay-opacity":"","overlay-gradient":""},"tablet":{"background-color":"","background-image":"","background-repeat":"repeat","background-position":"center center","background-size":"auto","background-attachment":"scroll","background-type":"","background-media":"","overlay-type":"","overlay-color":"","overlay-opacity":"","overlay-gradient":""},"mobile":{"background-color":"","background-image":"","background-repeat":"repeat","background-position":"center center","background-size":"auto","background-attachment":"scroll","background-type":"","background-media":"","overlay-type":"","overlay-color":"","overlay-opacity":"","overlay-gradient":""}},"ast-content-background-meta":{"desktop":{"background-color":"var(--ast-global-color-5)","background-image":"","background-repeat":"repeat","background-position":"center center","background-size":"auto","background-attachment":"scroll","background-type":"","background-media":"","overlay-type":"","overlay-color":"","overlay-opacity":"","overlay-gradient":""},"tablet":{"background-color":"var(--ast-global-color-5)","background-image":"","background-repeat":"repeat","background-position":"center center","background-size":"auto","background-attachment":"scroll","background-type":"","background-media":"","overlay-type":"","overlay-color":"","overlay-opacity":"","overlay-gradient":""},"mobile":{"background-color":"var(--ast-global-color-5)","background-image":"","background-repeat":"repeat","background-position":"center center","background-size":"auto","background-attachment":"scroll","background-type":"","background-media":"","overlay-type":"","overlay-color":"","overlay-opacity":"","overlay-gradient":""}},"pgc_sgb_lightbox_settings":""},"product_brand":[],"product_cat":[34],"product_tag":[],"class_list":{"0":"post-2557","1":"product","2":"type-product","3":"status-publish","4":"has-post-thumbnail","6":"product_cat-produtos-quimicos-e-analisadores","7":"desktop-align-left","8":"tablet-align-left","9":"mobile-align-left","10":"ast-product-gallery-layout-horizontal-slider","11":"ast-magnify-disabled","12":"ast-product-tabs-layout-horizontal","14":"first","15":"instock","16":"taxable","17":"shipping-taxable","18":"purchasable","19":"product-type-simple"},"uagb_featured_image_src":{"full":["https:\/\/rmrvpools-solutions.pt\/wp-content\/uploads\/2024\/03\/Acti-pH-Minus.png",670,604,false],"thumbnail":["https:\/\/rmrvpools-solutions.pt\/wp-content\/uploads\/2024\/03\/Acti-pH-Minus-150x150.png",150,150,true],"medium":["https:\/\/rmrvpools-solutions.pt\/wp-content\/uploads\/2024\/03\/Acti-pH-Minus-300x270.png",300,270,true],"medium_large":["https:\/\/rmrvpools-solutions.pt\/wp-content\/uploads\/2024\/03\/Acti-pH-Minus.png",670,604,false],"large":["https:\/\/rmrvpools-solutions.pt\/wp-content\/uploads\/2024\/03\/Acti-pH-Minus.png",670,604,false],"1536x1536":["https:\/\/rmrvpools-solutions.pt\/wp-content\/uploads\/2024\/03\/Acti-pH-Minus.png",670,604,false],"2048x2048":["https:\/\/rmrvpools-solutions.pt\/wp-content\/uploads\/2024\/03\/Acti-pH-Minus.png",670,604,false],"trp-custom-language-flag":["https:\/\/rmrvpools-solutions.pt\/wp-content\/uploads\/2024\/03\/Acti-pH-Minus-13x12.png",13,12,true],"woocommerce_thumbnail":["https:\/\/rmrvpools-solutions.pt\/wp-content\/uploads\/2024\/03\/Acti-pH-Minus-300x300.png",300,300,true],"woocommerce_single":["https:\/\/rmrvpools-solutions.pt\/wp-content\/uploads\/2024\/03\/Acti-pH-Minus-600x541.png",600,541,true],"woocommerce_gallery_thumbnail":["https:\/\/rmrvpools-solutions.pt\/wp-content\/uploads\/2024\/03\/Acti-pH-Minus-100x100.png",100,100,true]},"uagb_author_info":{"display_name":"Rui Viana","author_link":"https:\/\/rmrvpools-solutions.pt\/en\/author\/"},"uagb_comment_info":0,"uagb_excerpt":"Acti pH Minus &nbsp; &nbsp; Fa\u00e7a j\u00e1 a sua encomenda de produtos qu\u00edmicos para a sua piscina\u2026","_links":{"self":[{"href":"https:\/\/rmrvpools-solutions.pt\/en\/wp-json\/wp\/v2\/product\/2557","targetHints":{"allow":["GET"]}}],"collection":[{"href":"https:\/\/rmrvpools-solutions.pt\/en\/wp-json\/wp\/v2\/product"}],"about":[{"href":"https:\/\/rmrvpools-solutions.pt\/en\/wp-json\/wp\/v2\/types\/product"}],"wp:featuredmedia":[{"embeddable":true,"href":"https:\/\/rmrvpools-solutions.pt\/en\/wp-json\/wp\/v2\/media\/2560"}],"wp:attachment":[{"href":"https:\/\/rmrvpools-solutions.pt\/en\/wp-json\/wp\/v2\/media?parent=2557"}],"wp:term":[{"taxonomy":"product_brand","embeddable":true,"href":"https:\/\/rmrvpools-solutions.pt\/en\/wp-json\/wp\/v2\/product_brand?post=2557"},{"taxonomy":"product_cat","embeddable":true,"href":"https:\/\/rmrvpools-solutions.pt\/en\/wp-json\/wp\/v2\/product_cat?post=2557"},{"taxonomy":"product_tag","embeddable":true,"href":"https:\/\/rmrvpools-solutions.pt\/en\/wp-json\/wp\/v2\/product_tag?post=2557"}],"curies":[{"name":"wp","href":"https:\/\/api.w.org\/{rel}","templated":true}]}}