{"id":2561,"date":"2024-03-12T19:27:11","date_gmt":"2024-03-12T19:27:11","guid":{"rendered":"https:\/\/rmrvpools-solutions.pt\/?post_type=product&#038;p=2561"},"modified":"2024-10-03T22:00:31","modified_gmt":"2024-10-03T21:00:31","slug":"acti-ph-minus-15","status":"publish","type":"product","link":"https:\/\/rmrvpools-solutions.pt\/en\/produtos-quimicos-e-analisadores\/acti-ph-minus-15\/","title":{"rendered":"Acti pH Minus 15"},"content":{"rendered":"<h2>Acti pH Minus 15<\/h2>\n<p>&nbsp;<\/p>\n<h6>-Reduces pool pH.<\/h6>\n<h6>-Concentrated product.<\/h6>\n<h6>-Automatic dosing.<\/h6>\n<p>&nbsp;<\/p>\n<h3>Instructions for Use and Dosage<\/h3>\n<p>&nbsp;<\/p>\n<h6>To reduce the pH by 0.2, add 0.45 L of ACTI pH MINUS 15 for every 10 m3.<\/h6>\n<h6>It must be dosed using a dosing pump.<\/h6>\n<p>&nbsp;<\/p>\n<h6>ATTENTION: the indicated dosage was calculated for waters with &#039;&#039;ideal&#039;&#039; Hardness and Alkalinity values.<\/h6>\n<h6>For very different TH or TAC values, the dosage may need to be adjusted.<\/h6>\n<p>&nbsp;<\/p>\n<h5>\u00a0 \u00a0 \u00a0 This type of chemical products must be handled with extreme caution and protection.<\/h5>\n<p>&nbsp;<\/p>\n<h4>Packaging<\/h4>\n<p>In 20L bucket<\/p>\n<p>&nbsp;<\/p>\n<h6>Place your order of chemical products for your pool now\u2026<\/h6>\n<p>&nbsp;<\/p>","protected":false},"excerpt":{"rendered":"<h2>Acti pH Minus 15<\/h2>\n<p>&nbsp;<\/p>\n<h5>It must be dosed using a dosing pump.<\/h5>\n<p>&nbsp;<\/p>\n<h6>Place your order of chemical products for your pool now\u2026<\/h6>","protected":false},"featured_media":2563,"template":"","meta":{"_eb_attr":"","_uag_custom_page_level_css":"","site-sidebar-layout":"default","site-content-layout":"","ast-site-content-layout":"default","site-content-style":"default","site-sidebar-style":"default","ast-global-header-display":"","ast-banner-title-visibility":"","ast-main-header-display":"","ast-hfb-above-header-display":"","ast-hfb-below-header-display":"","ast-hfb-mobile-header-display":"","site-post-title":"","ast-breadcrumbs-content":"","ast-featured-img":"","footer-sml-layout":"","ast-disable-related-posts":"","theme-transparent-header-meta":"default","adv-header-id-meta":"","stick-header-meta":"default","header-above-stick-meta":"","header-main-stick-meta":"","header-below-stick-meta":"","astra-migrate-meta-layouts":"set","ast-page-background-enabled":"default","ast-page-background-meta":{"desktop":{"background-color":"","background-image":"","background-repeat":"repeat","background-position":"center center","background-size":"auto","background-attachment":"scroll","background-type":"","background-media":"","overlay-type":"","overlay-color":"","overlay-opacity":"","overlay-gradient":""},"tablet":{"background-color":"","background-image":"","background-repeat":"repeat","background-position":"center center","background-size":"auto","background-attachment":"scroll","background-type":"","background-media":"","overlay-type":"","overlay-color":"","overlay-opacity":"","overlay-gradient":""},"mobile":{"background-color":"","background-image":"","background-repeat":"repeat","background-position":"center center","background-size":"auto","background-attachment":"scroll","background-type":"","background-media":"","overlay-type":"","overlay-color":"","overlay-opacity":"","overlay-gradient":""}},"ast-content-background-meta":{"desktop":{"background-color":"var(--ast-global-color-5)","background-image":"","background-repeat":"repeat","background-position":"center center","background-size":"auto","background-attachment":"scroll","background-type":"","background-media":"","overlay-type":"","overlay-color":"","overlay-opacity":"","overlay-gradient":""},"tablet":{"background-color":"var(--ast-global-color-5)","background-image":"","background-repeat":"repeat","background-position":"center center","background-size":"auto","background-attachment":"scroll","background-type":"","background-media":"","overlay-type":"","overlay-color":"","overlay-opacity":"","overlay-gradient":""},"mobile":{"background-color":"var(--ast-global-color-5)","background-image":"","background-repeat":"repeat","background-position":"center center","background-size":"auto","background-attachment":"scroll","background-type":"","background-media":"","overlay-type":"","overlay-color":"","overlay-opacity":"","overlay-gradient":""}},"pgc_sgb_lightbox_settings":""},"product_brand":[],"product_cat":[34],"product_tag":[],"class_list":{"0":"post-2561","1":"product","2":"type-product","3":"status-publish","4":"has-post-thumbnail","6":"product_cat-produtos-quimicos-e-analisadores","7":"desktop-align-left","8":"tablet-align-left","9":"mobile-align-left","10":"ast-product-gallery-layout-horizontal-slider","11":"ast-magnify-disabled","12":"ast-product-tabs-layout-horizontal","14":"first","15":"instock","16":"taxable","17":"shipping-taxable","18":"purchasable","19":"product-type-simple"},"uagb_featured_image_src":{"full":["https:\/\/rmrvpools-solutions.pt\/wp-content\/uploads\/2024\/03\/Acti-pH-Minus-15.png",505,604,false],"thumbnail":["https:\/\/rmrvpools-solutions.pt\/wp-content\/uploads\/2024\/03\/Acti-pH-Minus-15-150x150.png",150,150,true],"medium":["https:\/\/rmrvpools-solutions.pt\/wp-content\/uploads\/2024\/03\/Acti-pH-Minus-15-251x300.png",251,300,true],"medium_large":["https:\/\/rmrvpools-solutions.pt\/wp-content\/uploads\/2024\/03\/Acti-pH-Minus-15.png",505,604,false],"large":["https:\/\/rmrvpools-solutions.pt\/wp-content\/uploads\/2024\/03\/Acti-pH-Minus-15.png",505,604,false],"1536x1536":["https:\/\/rmrvpools-solutions.pt\/wp-content\/uploads\/2024\/03\/Acti-pH-Minus-15.png",505,604,false],"2048x2048":["https:\/\/rmrvpools-solutions.pt\/wp-content\/uploads\/2024\/03\/Acti-pH-Minus-15.png",505,604,false],"trp-custom-language-flag":["https:\/\/rmrvpools-solutions.pt\/wp-content\/uploads\/2024\/03\/Acti-pH-Minus-15-10x12.png",10,12,true],"woocommerce_thumbnail":["https:\/\/rmrvpools-solutions.pt\/wp-content\/uploads\/2024\/03\/Acti-pH-Minus-15-300x300.png",300,300,true],"woocommerce_single":["https:\/\/rmrvpools-solutions.pt\/wp-content\/uploads\/2024\/03\/Acti-pH-Minus-15.png",505,604,false],"woocommerce_gallery_thumbnail":["https:\/\/rmrvpools-solutions.pt\/wp-content\/uploads\/2024\/03\/Acti-pH-Minus-15-100x100.png",100,100,true]},"uagb_author_info":{"display_name":"Rui Viana","author_link":"https:\/\/rmrvpools-solutions.pt\/en\/author\/"},"uagb_comment_info":0,"uagb_excerpt":"Acti pH Minus 15 &nbsp; Deve ser doseado atrav\u00e9s de bomba doseadora. &nbsp; Fa\u00e7a j\u00e1 a sua encomenda de produtos qu\u00edmicos para a sua piscina\u2026","_links":{"self":[{"href":"https:\/\/rmrvpools-solutions.pt\/en\/wp-json\/wp\/v2\/product\/2561","targetHints":{"allow":["GET"]}}],"collection":[{"href":"https:\/\/rmrvpools-solutions.pt\/en\/wp-json\/wp\/v2\/product"}],"about":[{"href":"https:\/\/rmrvpools-solutions.pt\/en\/wp-json\/wp\/v2\/types\/product"}],"wp:featuredmedia":[{"embeddable":true,"href":"https:\/\/rmrvpools-solutions.pt\/en\/wp-json\/wp\/v2\/media\/2563"}],"wp:attachment":[{"href":"https:\/\/rmrvpools-solutions.pt\/en\/wp-json\/wp\/v2\/media?parent=2561"}],"wp:term":[{"taxonomy":"product_brand","embeddable":true,"href":"https:\/\/rmrvpools-solutions.pt\/en\/wp-json\/wp\/v2\/product_brand?post=2561"},{"taxonomy":"product_cat","embeddable":true,"href":"https:\/\/rmrvpools-solutions.pt\/en\/wp-json\/wp\/v2\/product_cat?post=2561"},{"taxonomy":"product_tag","embeddable":true,"href":"https:\/\/rmrvpools-solutions.pt\/en\/wp-json\/wp\/v2\/product_tag?post=2561"}],"curies":[{"name":"wp","href":"https:\/\/api.w.org\/{rel}","templated":true}]}}