{"id":2834,"date":"2024-09-08T11:06:28","date_gmt":"2024-09-08T10:06:28","guid":{"rendered":"https:\/\/rmrvpools-solutions.pt\/?post_type=product&#038;p=2834"},"modified":"2024-10-03T22:00:30","modified_gmt":"2024-10-03T21:00:30","slug":"tubo-semi-rigido-50","status":"publish","type":"product","link":"https:\/\/rmrvpools-solutions.pt\/en\/construcao-piscinas\/tubo-semi-rigido-50\/","title":{"rendered":"Semi-rigid tube 50"},"content":{"rendered":"<h3>Semi-rigid tube 50 Hydrotube<\/h3>\n<p>&nbsp;<\/p>\n<h4>Flexible internal spiral tube in high quality and resistant rigid PVC.<\/h4>\n<p>&nbsp;<\/p>\n<h5>Available at:<\/h5>\n<ul>\n<li>\n<h6>Gray color<\/h6>\n<\/li>\n<li>\n<h6>50ml rolls<\/h6>\n<\/li>\n<li>\n<h6>Diameter 43x<strong>50<\/strong><\/h6>\n<\/li>\n<li>\n<h6>Chlorine resistant<\/h6>\n<\/li>\n<li>\n<h6>Crush resistance<\/h6>\n<\/li>\n<li>\n<h6>Suitable for swimming pools.<\/h6>\n<\/li>\n<\/ul>\n<div class=\"ast-oembed-container\" style=\"height: 100%;\"><iframe loading=\"lazy\" title=\"ESPIROFLEX HYDROTUBE - SCP Pool Portugal\" width=\"500\" height=\"281\" src=\"https:\/\/www.youtube.com\/embed\/Qnn-cmNlVdY?feature=oembed\" frameborder=\"0\" allow=\"accelerometer; autoplay; clipboard-write; encrypted-media; gyroscope; picture-in-picture; web-share\" referrerpolicy=\"strict-origin-when-cross-origin\" allowfullscreen><\/iframe><\/div>\n<p>We also supply semi-rigid tubing from Espiroflex. <strong>(by order only)<\/strong><\/p>\n<p>&nbsp;<\/p>\n<p>&nbsp;<\/p>\n<p>Place your order now for a 50mm semi-rigid hydrotube for your pool.<\/p>\n<p>&nbsp;<\/p>\n<p>&nbsp;<\/p>\n<p>&nbsp;<\/p>","protected":false},"excerpt":{"rendered":"<h3>Semi-rigid tube 50<\/h3>\n<p>&nbsp;<\/p>\n<h6>Flexible internal spiral tube in high quality and resistant rigid PVC.<\/h6>\n<p>&nbsp;<\/p>\n<p>Place your order now for a 50mm semi-rigid hydrotube for your pool.<\/p>\n<p>&nbsp;<\/p>","protected":false},"featured_media":2835,"template":"","meta":{"_eb_attr":"","_uag_custom_page_level_css":"","site-sidebar-layout":"default","site-content-layout":"","ast-site-content-layout":"default","site-content-style":"default","site-sidebar-style":"default","ast-global-header-display":"","ast-banner-title-visibility":"","ast-main-header-display":"","ast-hfb-above-header-display":"","ast-hfb-below-header-display":"","ast-hfb-mobile-header-display":"","site-post-title":"","ast-breadcrumbs-content":"","ast-featured-img":"","footer-sml-layout":"","ast-disable-related-posts":"","theme-transparent-header-meta":"default","adv-header-id-meta":"","stick-header-meta":"default","header-above-stick-meta":"","header-main-stick-meta":"","header-below-stick-meta":"","astra-migrate-meta-layouts":"set","ast-page-background-enabled":"default","ast-page-background-meta":{"desktop":{"background-color":"","background-image":"","background-repeat":"repeat","background-position":"center center","background-size":"auto","background-attachment":"scroll","background-type":"","background-media":"","overlay-type":"","overlay-color":"","overlay-opacity":"","overlay-gradient":""},"tablet":{"background-color":"","background-image":"","background-repeat":"repeat","background-position":"center center","background-size":"auto","background-attachment":"scroll","background-type":"","background-media":"","overlay-type":"","overlay-color":"","overlay-opacity":"","overlay-gradient":""},"mobile":{"background-color":"","background-image":"","background-repeat":"repeat","background-position":"center center","background-size":"auto","background-attachment":"scroll","background-type":"","background-media":"","overlay-type":"","overlay-color":"","overlay-opacity":"","overlay-gradient":""}},"ast-content-background-meta":{"desktop":{"background-color":"var(--ast-global-color-5)","background-image":"","background-repeat":"repeat","background-position":"center center","background-size":"auto","background-attachment":"scroll","background-type":"","background-media":"","overlay-type":"","overlay-color":"","overlay-opacity":"","overlay-gradient":""},"tablet":{"background-color":"var(--ast-global-color-5)","background-image":"","background-repeat":"repeat","background-position":"center center","background-size":"auto","background-attachment":"scroll","background-type":"","background-media":"","overlay-type":"","overlay-color":"","overlay-opacity":"","overlay-gradient":""},"mobile":{"background-color":"var(--ast-global-color-5)","background-image":"","background-repeat":"repeat","background-position":"center center","background-size":"auto","background-attachment":"scroll","background-type":"","background-media":"","overlay-type":"","overlay-color":"","overlay-opacity":"","overlay-gradient":""}},"pgc_sgb_lightbox_settings":""},"product_brand":[],"product_cat":[35],"product_tag":[],"class_list":{"0":"post-2834","1":"product","2":"type-product","3":"status-publish","4":"has-post-thumbnail","6":"product_cat-construcao-piscinas","7":"desktop-align-left","8":"tablet-align-left","9":"mobile-align-left","10":"ast-product-gallery-layout-horizontal-slider","11":"ast-magnify-disabled","12":"ast-product-tabs-layout-horizontal","14":"first","15":"instock","16":"taxable","17":"shipping-taxable","18":"purchasable","19":"product-type-simple"},"uagb_featured_image_src":{"full":["https:\/\/rmrvpools-solutions.pt\/wp-content\/uploads\/2024\/09\/Hidrotubo-50mm.png",771,617,false],"thumbnail":["https:\/\/rmrvpools-solutions.pt\/wp-content\/uploads\/2024\/09\/Hidrotubo-50mm-150x150.png",150,150,true],"medium":["https:\/\/rmrvpools-solutions.pt\/wp-content\/uploads\/2024\/09\/Hidrotubo-50mm-300x240.png",300,240,true],"medium_large":["https:\/\/rmrvpools-solutions.pt\/wp-content\/uploads\/2024\/09\/Hidrotubo-50mm-768x615.png",768,615,true],"large":["https:\/\/rmrvpools-solutions.pt\/wp-content\/uploads\/2024\/09\/Hidrotubo-50mm.png",771,617,false],"1536x1536":["https:\/\/rmrvpools-solutions.pt\/wp-content\/uploads\/2024\/09\/Hidrotubo-50mm.png",771,617,false],"2048x2048":["https:\/\/rmrvpools-solutions.pt\/wp-content\/uploads\/2024\/09\/Hidrotubo-50mm.png",771,617,false],"trp-custom-language-flag":["https:\/\/rmrvpools-solutions.pt\/wp-content\/uploads\/2024\/09\/Hidrotubo-50mm-15x12.png",15,12,true],"woocommerce_thumbnail":["https:\/\/rmrvpools-solutions.pt\/wp-content\/uploads\/2024\/09\/Hidrotubo-50mm-300x300.png",300,300,true],"woocommerce_single":["https:\/\/rmrvpools-solutions.pt\/wp-content\/uploads\/2024\/09\/Hidrotubo-50mm-600x480.png",600,480,true],"woocommerce_gallery_thumbnail":["https:\/\/rmrvpools-solutions.pt\/wp-content\/uploads\/2024\/09\/Hidrotubo-50mm-100x100.png",100,100,true]},"uagb_author_info":{"display_name":"Rui Viana","author_link":"https:\/\/rmrvpools-solutions.pt\/en\/author\/"},"uagb_comment_info":0,"uagb_excerpt":"Tubo semi-rigido 50 &nbsp; Tubo flex\u00edvel espiral interna em PVC r\u00edgido de alta qualidade e resist\u00eancia. &nbsp; Fa\u00e7a j\u00e1 a sua encomenda de tubo semi-r\u00edgido hidrotubo 5omm para\u00a0 sua piscina. &nbsp;","_links":{"self":[{"href":"https:\/\/rmrvpools-solutions.pt\/en\/wp-json\/wp\/v2\/product\/2834","targetHints":{"allow":["GET"]}}],"collection":[{"href":"https:\/\/rmrvpools-solutions.pt\/en\/wp-json\/wp\/v2\/product"}],"about":[{"href":"https:\/\/rmrvpools-solutions.pt\/en\/wp-json\/wp\/v2\/types\/product"}],"wp:featuredmedia":[{"embeddable":true,"href":"https:\/\/rmrvpools-solutions.pt\/en\/wp-json\/wp\/v2\/media\/2835"}],"wp:attachment":[{"href":"https:\/\/rmrvpools-solutions.pt\/en\/wp-json\/wp\/v2\/media?parent=2834"}],"wp:term":[{"taxonomy":"product_brand","embeddable":true,"href":"https:\/\/rmrvpools-solutions.pt\/en\/wp-json\/wp\/v2\/product_brand?post=2834"},{"taxonomy":"product_cat","embeddable":true,"href":"https:\/\/rmrvpools-solutions.pt\/en\/wp-json\/wp\/v2\/product_cat?post=2834"},{"taxonomy":"product_tag","embeddable":true,"href":"https:\/\/rmrvpools-solutions.pt\/en\/wp-json\/wp\/v2\/product_tag?post=2834"}],"curies":[{"name":"wp","href":"https:\/\/api.w.org\/{rel}","templated":true}]}}